{"id":4941,"date":"2025-09-04T16:57:15","date_gmt":"2025-09-04T16:57:15","guid":{"rendered":"https:\/\/benalmadenabeachhouse.com\/?page_id=4941"},"modified":"2025-09-04T17:51:59","modified_gmt":"2025-09-04T17:51:59","slug":"blog","status":"publish","type":"page","link":"https:\/\/benalmadenabeachhouse.com\/es\/blog\/","title":{"rendered":"Blog"},"content":{"rendered":"<div data-elementor-type=\"wp-page\" data-elementor-id=\"4941\" class=\"elementor elementor-4941\">\n\t\t\t\t\t\t<section class=\"elementor-section elementor-top-section elementor-element elementor-element-1c5da4b9 elementor-section-boxed elementor-section-height-default elementor-section-height-default\" data-id=\"1c5da4b9\" data-element_type=\"section\" data-e-type=\"section\" data-settings=\"{&quot;hoteller_ext_is_background_parallax&quot;:&quot;false&quot;,&quot;hoteller_ext_is_background_backdrop&quot;:&quot;false&quot;,&quot;hoteller_ext_is_background_on_scroll&quot;:&quot;false&quot;,&quot;ekit_has_onepagescroll_dot&quot;:&quot;yes&quot;}\">\n\t\t\t\t\t\t<div class=\"elementor-container elementor-column-gap-default\">\n\t\t\t\t\t<div class=\"elementor-column elementor-col-100 elementor-top-column elementor-element elementor-element-bee372c\" data-id=\"bee372c\" data-element_type=\"column\" data-e-type=\"column\" data-settings=\"{&quot;hoteller_ext_link_sidemenu&quot;:&quot;false&quot;,&quot;hoteller_ext_link_fullmenu&quot;:&quot;false&quot;,&quot;hoteller_ext_link_closed_fullmenu&quot;:&quot;false&quot;,&quot;hoteller_ext_is_scrollme&quot;:&quot;false&quot;,&quot;hoteller_ext_is_smoove&quot;:&quot;false&quot;,&quot;hoteller_ext_is_parallax_mouse&quot;:&quot;false&quot;,&quot;hoteller_ext_is_infinite&quot;:&quot;false&quot;,&quot;hoteller_ext_is_fadeout_animation&quot;:&quot;false&quot;,&quot;hoteller_ext_mobile_static&quot;:&quot;false&quot;}\">\n\t\t\t<div class=\"elementor-widget-wrap elementor-element-populated\">\n\t\t\t\t\t\t<div class=\"elementor-element elementor-element-48023479 elementor-widget elementor-widget-heading\" data-id=\"48023479\" data-element_type=\"widget\" data-e-type=\"widget\" data-settings=\"{&quot;ekit_we_effect_on&quot;:&quot;none&quot;,&quot;hoteller_ext_link_sidemenu&quot;:&quot;false&quot;,&quot;hoteller_ext_link_fullmenu&quot;:&quot;false&quot;,&quot;hoteller_ext_link_closed_fullmenu&quot;:&quot;false&quot;,&quot;hoteller_ext_is_scrollme&quot;:&quot;false&quot;,&quot;hoteller_ext_is_smoove&quot;:&quot;false&quot;,&quot;hoteller_ext_is_parallax_mouse&quot;:&quot;false&quot;,&quot;hoteller_ext_is_infinite&quot;:&quot;false&quot;,&quot;hoteller_ext_is_fadeout_animation&quot;:&quot;false&quot;,&quot;hoteller_ext_mobile_static&quot;:&quot;false&quot;}\" data-widget_type=\"heading.default\">\n\t\t\t\t\t<h1 class=\"elementor-heading-title elementor-size-default\">Nuestro blog<\/h1>\t\t\t\t<\/div>\n\t\t\t\t<div class=\"elementor-element elementor-element-1a12f106 elementor-widget elementor-widget-hoteller-blog-posts\" data-id=\"1a12f106\" data-element_type=\"widget\" data-e-type=\"widget\" data-settings=\"{&quot;ekit_we_effect_on&quot;:&quot;none&quot;,&quot;hoteller_ext_link_sidemenu&quot;:&quot;false&quot;,&quot;hoteller_ext_link_fullmenu&quot;:&quot;false&quot;,&quot;hoteller_ext_link_closed_fullmenu&quot;:&quot;false&quot;,&quot;hoteller_ext_is_scrollme&quot;:&quot;false&quot;,&quot;hoteller_ext_is_smoove&quot;:&quot;false&quot;,&quot;hoteller_ext_is_parallax_mouse&quot;:&quot;false&quot;,&quot;hoteller_ext_is_infinite&quot;:&quot;false&quot;,&quot;hoteller_ext_is_fadeout_animation&quot;:&quot;false&quot;,&quot;hoteller_ext_mobile_static&quot;:&quot;false&quot;}\" data-widget_type=\"hoteller-blog-posts.default\">\n\t\t\t\t<div class=\"elementor-widget-container\">\n\t\t\t\t\t<div class=\"blog_post_content_wrapper layout_metro\">\n<div class=\"post_metro_left_wrapper\">\n<!-- Begin each blog post -->\n<div class=\"blog-posts-metro post-4960 post type-post status-publish format-standard has-post-thumbnail hentry category-travel-guide tag-andalusia-holidays tag-beach-villa-stay tag-benalmadena-travel tag-costa-del-sol tag-family-friendly-travel tag-mediterranean-getaway tag-puerto-marina tag-spain-vacation-ideas\">\n\n\t<div class=\"post_wrapper\">\n\t\t\n\t\t\t\t    <div class=\"post_img static\">\n\t\t\t    \t\t\t    <div class=\"post_img_hover\">\n\t\t\t     \t\t\t\t\t     <img decoding=\"async\"  src=\"https:\/\/benalmadenabeachhouse.com\/wp-content\/uploads\/2025\/09\/2025.06.24-Melissa-Adam-Boekholt-calle-Velazquez-12A-Benalmadena-Villa-Drone7-610x610.jpg\" class=\"lazy_masonry\" alt=\"\"\/>\n\t\t\t\t     \t\t\t     \t\t\t\t     \t<a href=\"https:\/\/benalmadenabeachhouse.com\/es\/5-reasons-to-choose-benalmadena-for-your-next-holiday\/\"><\/a>\n\t\t\t    <\/div>\n\t\t    <\/div>\n\t\t\t    \n\t    <div class=\"post_content_wrapper text_center\">\n\t\t    \n\t\t    <div class=\"post_header\">\n\t\t\t    \t\t\t    <div class=\"post_detail single_post\">\n\t\t\t    \t<span class=\"post_info_cat\">\n\t\t\t\t\t\t\t\t\t\t\t\t      \t<a href=\"https:\/\/benalmadenabeachhouse.com\/es\/category\/travel-guide\/\">Gu\u00eda de viaje<\/a>\n\t\t\t\t\t\t\t\t\t    \t<\/span>\n\t\t\t \t<\/div>\n\t\t\t \t\t\t\t\t<div class=\"post_header_title\">\n\t\t\t\t    <h5><a href=\"https:\/\/benalmadenabeachhouse.com\/es\/5-reasons-to-choose-benalmadena-for-your-next-holiday\/\" title=\"5 razones para elegir Benalm\u00e1dena para sus pr\u00f3ximas vacaciones\">5 razones para elegir Benalm\u00e1dena para sus pr\u00f3ximas vacaciones<\/a><\/h5>\n\t\t\t\t<\/div>\n\t\t\t<\/div>\n\t    \n\t\t\t<div class=\"post_header_wrapper\">\n\t\t\t\t<p>Cuando se planea una escapada a la Costa del Sol, muchos viajeros piensan en M\u00e1laga o Marbella. Pero justo entre ambas se encuentra...<\/p>\t\t\t    \t\t\t    <div class=\"post_button_wrapper\">\n\t\t\t    \t<div class=\"post_attribute\">\n\t\t\t\t\t    <a href=\"https:\/\/benalmadenabeachhouse.com\/es\/5-reasons-to-choose-benalmadena-for-your-next-holiday\/\" title=\"5 razones para elegir Benalm\u00e1dena para sus pr\u00f3ximas vacaciones\">4 de septiembre de 2025<\/a>\n\t\t\t\t\t<\/div>\n\t\t\t    <\/div>\n\t\t\t    \t\t\t<\/div>\n\t    <\/div>\n\t    \n\t<\/div>\n\n<\/div>\n<!-- End each blog post -->\n<\/div>\n<div class=\"post_metro_right_wrapper layout_metro_masonry\">\n<!-- Begin each blog post -->\n<div class=\"blog-posts-metro post-4972 post type-post status-publish format-standard has-post-thumbnail hentry category-travel-guide tag-andalusian-culture tag-costa-del-sol-excursions tag-day-trips-from-benalmadena tag-mijas-pueblo tag-white-villages-andalusia\">\n\n\t<div class=\"post_wrapper\">\n\t\t\n\t\t\t\t    <div class=\"post_img static\">\n\t\t\t    \t\t\t    <div class=\"post_img_hover\">\n\t\t\t     \t\t\t\t\t     <img decoding=\"async\"  src=\"https:\/\/benalmadenabeachhouse.com\/wp-content\/uploads\/2025\/09\/Golovna.-Mijas-Pueblo.-Denis-Bettan-flickr.com_-300x199.jpg\" class=\"lazy_masonry\" alt=\"\"\/>\n\t\t\t\t     \t\t\t     \t\t\t\t     \t<a href=\"https:\/\/benalmadenabeachhouse.com\/es\/a-day-trip-to-mijas-pueblo-andalusias-whitewashed-gem\/\"><\/a>\n\t\t\t    <\/div>\n\t\t    <\/div>\n\t\t\t    \n\t    <div class=\"post_content_wrapper text_center\">\n\t\t    \n\t\t    <div class=\"post_header\">\n\t\t\t    \t\t\t    <div class=\"post_detail single_post\">\n\t\t\t    \t<span class=\"post_info_cat\">\n\t\t\t\t\t\t\t\t\t\t\t\t      \t<a href=\"https:\/\/benalmadenabeachhouse.com\/es\/category\/travel-guide\/\">Gu\u00eda de viaje<\/a>\n\t\t\t\t\t\t\t\t\t    \t<\/span>\n\t\t\t \t<\/div>\n\t\t\t \t\t\t\t\t<div class=\"post_header_title\">\n\t\t\t\t    <h5><a href=\"https:\/\/benalmadenabeachhouse.com\/es\/a-day-trip-to-mijas-pueblo-andalusias-whitewashed-gem\/\" title=\"Excursi\u00f3n de un d\u00eda a Mijas Pueblo: La joya encalada de Andaluc\u00eda\">Excursi\u00f3n de un d\u00eda a Mijas Pueblo: La joya encalada de Andaluc\u00eda<\/a><\/h5>\n\t\t\t\t<\/div>\n\t\t\t<\/div>\n\t    \n\t\t\t<div class=\"post_header_wrapper\">\n\t\t\t\t<p>A s\u00f3lo 15 minutos de Benalm\u00e1dena se encuentra Mijas Pueblo, uno de los pueblos blancos con m\u00e1s encanto de Andaluc\u00eda. Enclavado en lo alto de la...<\/p>\t\t\t    \t\t\t    <div class=\"post_button_wrapper\">\n\t\t\t    \t<div class=\"post_attribute\">\n\t\t\t\t\t    <a href=\"https:\/\/benalmadenabeachhouse.com\/es\/a-day-trip-to-mijas-pueblo-andalusias-whitewashed-gem\/\" title=\"Excursi\u00f3n de un d\u00eda a Mijas Pueblo: La joya encalada de Andaluc\u00eda\">4 de septiembre de 2025<\/a>\n\t\t\t\t\t<\/div>\n\t\t\t    <\/div>\n\t\t\t    \t\t\t<\/div>\n\t    <\/div>\n\t    \n\t<\/div>\n\n<\/div>\n<!-- End each blog post -->\n<!-- Begin each blog post -->\n<div class=\"blog-posts-metro post-4970 post type-post status-publish format-standard has-post-thumbnail hentry category-food-drink category-travel-guide tag-andalusian-cuisine tag-benalmadena-tapas tag-chiringuitos-benalmadena tag-costa-del-sol-food tag-spanish-gastronomy tag-where-to-eat-in-benalmadena\">\n\n\t<div class=\"post_wrapper\">\n\t\t\n\t\t\t\t    <div class=\"post_img static\">\n\t\t\t    \t\t\t    <div class=\"post_img_hover\">\n\t\t\t     \t\t\t\t\t     <img decoding=\"async\"  src=\"https:\/\/benalmadenabeachhouse.com\/wp-content\/uploads\/2025\/08\/la-cala-benalmadena-300x225.jpg\" class=\"lazy_masonry\" alt=\"\"\/>\n\t\t\t\t     \t\t\t     \t\t\t\t     \t<a href=\"https:\/\/benalmadenabeachhouse.com\/es\/a-taste-of-andalusia-top-tapas-bars-in-benalmadena\/\"><\/a>\n\t\t\t    <\/div>\n\t\t    <\/div>\n\t\t\t    \n\t    <div class=\"post_content_wrapper text_center\">\n\t\t    \n\t\t    <div class=\"post_header\">\n\t\t\t    \t\t\t    <div class=\"post_detail single_post\">\n\t\t\t    \t<span class=\"post_info_cat\">\n\t\t\t\t\t\t\t\t\t\t\t\t      \t<a href=\"https:\/\/benalmadenabeachhouse.com\/es\/category\/food-drink\/\">Alimentaci\u00f3n<\/a>\n\t\t\t\t\t\t&nbsp;.&nbsp;\t\t\t\t\t\t      \t<a href=\"https:\/\/benalmadenabeachhouse.com\/es\/category\/travel-guide\/\">Gu\u00eda de viaje<\/a>\n\t\t\t\t\t\t\t\t\t    \t<\/span>\n\t\t\t \t<\/div>\n\t\t\t \t\t\t\t\t<div class=\"post_header_title\">\n\t\t\t\t    <h5><a href=\"https:\/\/benalmadenabeachhouse.com\/es\/a-taste-of-andalusia-top-tapas-bars-in-benalmadena\/\" title=\"Sabor a Andaluc\u00eda: Bares de tapas en Benalm\u00e1dena\">Sabor a Andaluc\u00eda: Bares de tapas en Benalm\u00e1dena<\/a><\/h5>\n\t\t\t\t<\/div>\n\t\t\t<\/div>\n\t    \n\t\t\t<div class=\"post_header_wrapper\">\n\t\t\t\t<p>Ning\u00fan viaje a Espa\u00f1a est\u00e1 completo sin tapas. En Benalm\u00e1dena, la tradici\u00f3n de los peque\u00f1os platos maridados con bebidas est\u00e1 viva y...<\/p>\t\t\t    \t\t\t    <div class=\"post_button_wrapper\">\n\t\t\t    \t<div class=\"post_attribute\">\n\t\t\t\t\t    <a href=\"https:\/\/benalmadenabeachhouse.com\/es\/a-taste-of-andalusia-top-tapas-bars-in-benalmadena\/\" title=\"Sabor a Andaluc\u00eda: Bares de tapas en Benalm\u00e1dena\">4 de septiembre de 2025<\/a>\n\t\t\t\t\t<\/div>\n\t\t\t    <\/div>\n\t\t\t    \t\t\t<\/div>\n\t    <\/div>\n\t    \n\t<\/div>\n\n<\/div>\n<!-- End each blog post -->\n<!-- Begin each blog post -->\n<div class=\"blog-posts-metro post-4967 post type-post status-publish format-standard has-post-thumbnail hentry category-local-attractions tag-andalusian-cuisine tag-benalmadena-travel tag-costa-del-sol-attractions tag-family-activities-spain tag-puerto-marina tag-seaside-dining tag-things-to-do-in-benalmadena\">\n\n\t<div class=\"post_wrapper\">\n\t\t\n\t\t\t\t    <div class=\"post_img static\">\n\t\t\t    \t\t\t    <div class=\"post_img_hover\">\n\t\t\t     \t\t\t\t\t     <img decoding=\"async\"  src=\"https:\/\/benalmadenabeachhouse.com\/wp-content\/uploads\/2025\/09\/PuertoBenalmadena-640w-300x169.webp\" class=\"lazy_masonry\" alt=\"\"\/>\n\t\t\t\t     \t\t\t     \t\t\t\t     \t<a href=\"https:\/\/benalmadenabeachhouse.com\/es\/a-day-in-puerto-marina-dining-shopping-and-seaside-fun\/\"><\/a>\n\t\t\t    <\/div>\n\t\t    <\/div>\n\t\t\t    \n\t    <div class=\"post_content_wrapper text_center\">\n\t\t    \n\t\t    <div class=\"post_header\">\n\t\t\t    \t\t\t    <div class=\"post_detail single_post\">\n\t\t\t    \t<span class=\"post_info_cat\">\n\t\t\t\t\t\t\t\t\t\t\t\t      \t<a href=\"https:\/\/benalmadenabeachhouse.com\/es\/category\/local-attractions\/\">Atracciones locales<\/a>\n\t\t\t\t\t\t\t\t\t    \t<\/span>\n\t\t\t \t<\/div>\n\t\t\t \t\t\t\t\t<div class=\"post_header_title\">\n\t\t\t\t    <h5><a href=\"https:\/\/benalmadenabeachhouse.com\/es\/a-day-in-puerto-marina-dining-shopping-and-seaside-fun\/\" title=\"Un d\u00eda en Puerto Marina: Comer, comprar y divertirse junto al mar\">Un d\u00eda en Puerto Marina: Comer, comprar y divertirse junto al mar<\/a><\/h5>\n\t\t\t\t<\/div>\n\t\t\t<\/div>\n\t    \n\t\t\t<div class=\"post_header_wrapper\">\n\t\t\t\t<p>Puerto Marina es uno de los lugares m\u00e1s emblem\u00e1ticos de Benalm\u00e1dena y una visita obligada durante su estancia en la Costa del Sol. Conocido...<\/p>\t\t\t    \t\t\t    <div class=\"post_button_wrapper\">\n\t\t\t    \t<div class=\"post_attribute\">\n\t\t\t\t\t    <a href=\"https:\/\/benalmadenabeachhouse.com\/es\/a-day-in-puerto-marina-dining-shopping-and-seaside-fun\/\" title=\"Un d\u00eda en Puerto Marina: Comer, comprar y divertirse junto al mar\">4 de septiembre de 2025<\/a>\n\t\t\t\t\t<\/div>\n\t\t\t    <\/div>\n\t\t\t    \t\t\t<\/div>\n\t    <\/div>\n\t    \n\t<\/div>\n\n<\/div>\n<!-- End each blog post -->\n<\/div><br class=\"clear\"\/>\n<\/div>\n<br class=\"clear\"\/>\t\t\t\t<\/div>\n\t\t\t\t<\/div>\n\t\t\t\t\t<\/div>\n\t\t<\/div>\n\t\t\t\t\t<\/div>\n\t\t<\/section>\n\t\t\t\t<section class=\"elementor-section elementor-top-section elementor-element elementor-element-176c950 elementor-section-boxed elementor-section-height-default elementor-section-height-default\" data-id=\"176c950\" data-element_type=\"section\" data-e-type=\"section\" data-settings=\"{&quot;background_background&quot;:&quot;classic&quot;,&quot;hoteller_ext_is_background_parallax&quot;:&quot;false&quot;,&quot;hoteller_ext_is_background_backdrop&quot;:&quot;false&quot;,&quot;hoteller_ext_is_background_on_scroll&quot;:&quot;false&quot;,&quot;ekit_has_onepagescroll_dot&quot;:&quot;yes&quot;}\">\n\t\t\t\t\t\t\t<div class=\"elementor-background-overlay\"><\/div>\n\t\t\t\t\t\t\t<div class=\"elementor-container elementor-column-gap-default\">\n\t\t\t\t\t<div class=\"elementor-column elementor-col-100 elementor-top-column elementor-element elementor-element-703c548\" data-id=\"703c548\" data-element_type=\"column\" data-e-type=\"column\" data-settings=\"{&quot;hoteller_ext_link_sidemenu&quot;:&quot;false&quot;,&quot;hoteller_ext_link_fullmenu&quot;:&quot;false&quot;,&quot;hoteller_ext_link_closed_fullmenu&quot;:&quot;false&quot;,&quot;hoteller_ext_is_scrollme&quot;:&quot;false&quot;,&quot;hoteller_ext_is_smoove&quot;:&quot;false&quot;,&quot;hoteller_ext_is_parallax_mouse&quot;:&quot;false&quot;,&quot;hoteller_ext_is_infinite&quot;:&quot;false&quot;,&quot;hoteller_ext_is_fadeout_animation&quot;:&quot;false&quot;,&quot;hoteller_ext_mobile_static&quot;:&quot;false&quot;}\">\n\t\t\t<div class=\"elementor-widget-wrap elementor-element-populated\">\n\t\t\t\t\t\t<div class=\"elementor-element elementor-element-8fc865d elementor-widget elementor-widget-heading\" data-id=\"8fc865d\" data-element_type=\"widget\" data-e-type=\"widget\" data-settings=\"{&quot;ekit_we_effect_on&quot;:&quot;none&quot;,&quot;hoteller_ext_link_sidemenu&quot;:&quot;false&quot;,&quot;hoteller_ext_link_fullmenu&quot;:&quot;false&quot;,&quot;hoteller_ext_link_closed_fullmenu&quot;:&quot;false&quot;,&quot;hoteller_ext_is_scrollme&quot;:&quot;false&quot;,&quot;hoteller_ext_is_smoove&quot;:&quot;false&quot;,&quot;hoteller_ext_is_parallax_mouse&quot;:&quot;false&quot;,&quot;hoteller_ext_is_infinite&quot;:&quot;false&quot;,&quot;hoteller_ext_is_fadeout_animation&quot;:&quot;false&quot;,&quot;hoteller_ext_mobile_static&quot;:&quot;false&quot;}\" data-widget_type=\"heading.default\">\n\t\t\t\t\t<h2 class=\"elementor-heading-title elementor-size-default\">Aproveche nuestras ofertas especiales<\/h2>\t\t\t\t<\/div>\n\t\t\t\t<div class=\"elementor-element elementor-element-d288885 elementor-widget__width-initial elementor-widget-mobile__width-inherit elementor-widget-tablet__width-inherit elementor-widget elementor-widget-text-editor\" data-id=\"d288885\" data-element_type=\"widget\" data-e-type=\"widget\" data-settings=\"{&quot;ekit_we_effect_on&quot;:&quot;none&quot;,&quot;hoteller_ext_link_sidemenu&quot;:&quot;false&quot;,&quot;hoteller_ext_link_fullmenu&quot;:&quot;false&quot;,&quot;hoteller_ext_link_closed_fullmenu&quot;:&quot;false&quot;,&quot;hoteller_ext_is_scrollme&quot;:&quot;false&quot;,&quot;hoteller_ext_is_smoove&quot;:&quot;false&quot;,&quot;hoteller_ext_is_parallax_mouse&quot;:&quot;false&quot;,&quot;hoteller_ext_is_infinite&quot;:&quot;false&quot;,&quot;hoteller_ext_is_fadeout_animation&quot;:&quot;false&quot;,&quot;hoteller_ext_mobile_static&quot;:&quot;false&quot;}\" data-widget_type=\"text-editor.default\">\n\t\t\t\t\t\t\t\t\t<p>Le ofrecemos nuestras mejores ofertas y promociones aqu\u00ed, en nuestra web oficial. Adem\u00e1s, reservando directamente con nosotros, te garantizamos el mejor precio online.\u00a0<\/p>\t\t\t\t\t\t\t\t<\/div>\n\t\t\t\t<div class=\"elementor-element elementor-element-2b8884e elementor-align-center elementor-widget elementor-widget-elementskit-button\" data-id=\"2b8884e\" data-element_type=\"widget\" data-e-type=\"widget\" data-settings=\"{&quot;ekit_we_effect_on&quot;:&quot;none&quot;,&quot;hoteller_ext_link_sidemenu&quot;:&quot;false&quot;,&quot;hoteller_ext_link_fullmenu&quot;:&quot;false&quot;,&quot;hoteller_ext_link_closed_fullmenu&quot;:&quot;false&quot;,&quot;hoteller_ext_is_scrollme&quot;:&quot;false&quot;,&quot;hoteller_ext_is_smoove&quot;:&quot;false&quot;,&quot;hoteller_ext_is_parallax_mouse&quot;:&quot;false&quot;,&quot;hoteller_ext_is_infinite&quot;:&quot;false&quot;,&quot;hoteller_ext_is_fadeout_animation&quot;:&quot;false&quot;,&quot;hoteller_ext_mobile_static&quot;:&quot;false&quot;}\" data-widget_type=\"elementskit-button.default\">\n\t\t\t\t\t<div class=\"ekit-wid-con\" >\t\t<div class=\"ekit-btn-wraper\">\n\t\t\t\t\t\t\t<a href=\"#villas\" class=\"elementskit-btn  whitespace--normal\" id=\"\">\n\t\t\t\t\tRESERVE SU ESTANCIA<i class=\"icon icon-arrow-right\"><\/i>\t\t\t\t<\/a>\n\t\t\t\t\t<\/div>\n        <\/div>\t\t\t\t<\/div>\n\t\t\t\t\t<\/div>\n\t\t<\/div>\n\t\t\t\t\t<\/div>\n\t\t<\/section>\n\t\t\t\t<\/div>","protected":false},"excerpt":{"rendered":"<p>Our Blog Travel Guide 5 Reasons to Choose Benalm\u00e1dena for Your Next Holiday When planning a getaway to the Costa del Sol, many travelers think of M\u00e1laga or Marbella. But nestled right between them lies&#8230; September 4, 2025 Travel Guide [&hellip;]<\/p>\n","protected":false},"author":2,"featured_media":0,"parent":0,"menu_order":0,"comment_status":"closed","ping_status":"closed","template":"","meta":{"footnotes":""},"class_list":["post-4941","page","type-page","status-publish","hentry"],"aioseo_notices":[],"_links":{"self":[{"href":"https:\/\/benalmadenabeachhouse.com\/es\/wp-json\/wp\/v2\/pages\/4941","targetHints":{"allow":["GET"]}}],"collection":[{"href":"https:\/\/benalmadenabeachhouse.com\/es\/wp-json\/wp\/v2\/pages"}],"about":[{"href":"https:\/\/benalmadenabeachhouse.com\/es\/wp-json\/wp\/v2\/types\/page"}],"author":[{"embeddable":true,"href":"https:\/\/benalmadenabeachhouse.com\/es\/wp-json\/wp\/v2\/users\/2"}],"replies":[{"embeddable":true,"href":"https:\/\/benalmadenabeachhouse.com\/es\/wp-json\/wp\/v2\/comments?post=4941"}],"version-history":[{"count":13,"href":"https:\/\/benalmadenabeachhouse.com\/es\/wp-json\/wp\/v2\/pages\/4941\/revisions"}],"predecessor-version":[{"id":4980,"href":"https:\/\/benalmadenabeachhouse.com\/es\/wp-json\/wp\/v2\/pages\/4941\/revisions\/4980"}],"wp:attachment":[{"href":"https:\/\/benalmadenabeachhouse.com\/es\/wp-json\/wp\/v2\/media?parent=4941"}],"curies":[{"name":"wp","href":"https:\/\/api.w.org\/{rel}","templated":true}]}}